{"id":20,"date":"2022-08-24T03:41:53","date_gmt":"2022-08-24T03:41:53","guid":{"rendered":"https:\/\/demo.ovatheme.com\/mellis\/?page_id=20"},"modified":"2023-12-19T18:49:10","modified_gmt":"2023-12-19T18:49:10","slug":"inicio","status":"publish","type":"page","link":"http:\/\/jmsolucionescr.com\/spa\/","title":{"rendered":"Inicio"},"content":{"rendered":"\n\t\t\t<!-- START home REVOLUTION SLIDER 6.5.31 --><p class=\"rs-p-wp-fix\"><\/p>\n\t\t\t<rs-module-wrap id=\"rev_slider_1_1_wrapper\" data-source=\"gallery\" data-aimg=\"\"  style=\"visibility:hidden;background:#E9E9E9;padding:0;margin:0px auto;margin-top:0;margin-bottom:0;\">\n\t\t\t\t<rs-module id=\"rev_slider_1_1\" style=\"\" data-version=\"6.5.31\">\n\t\t\t\t\t<rs-slides>\n\t\t\t\t\t\t<rs-slide style=\"position: absolute;\" data-key=\"rs-1\" data-title=\"Slide\" data-thumb=\"\/\/jmsolucionescr.com\/spa\/wp-content\/uploads\/2022\/08\/background-revslider-07-100x50.jpg\" data-anim=\"d:10;ms:600;f:slidebased;\" data-in=\"prst:rndany;mo:45;moo:none;o:0;x:(100%);r:ran(-45|45);sx:0.8;sy:0.8;col:20;\">\n\t\t\t\t\t\t\t<img decoding=\"async\" src=\"\/\/jmsolucionescr.com\/spa\/wp-content\/plugins\/revslider\/public\/assets\/assets\/dummy.png\" alt=\"\" title=\"background-revslider-07\" width=\"1894\" height=\"731\" class=\"rev-slidebg tp-rs-img rs-lazyload\" data-lazyload=\"\/\/jmsolucionescr.com\/spa\/wp-content\/uploads\/2022\/08\/background-revslider-07.jpg\" data-no-retina>\n<!--\n\t\t\t\t\t\t\t--><rs-layer\n\t\t\t\t\t\t\t\tid=\"slider-1-slide-1-layer-0\" \n\t\t\t\t\t\t\t\tclass=\"Big_title_black\"\n\t\t\t\t\t\t\t\tdata-type=\"text\"\n\t\t\t\t\t\t\t\tdata-color=\"#ffffff\"\n\t\t\t\t\t\t\t\tdata-rsp_ch=\"on\"\n\t\t\t\t\t\t\t\tdata-xy=\"x:11px;y:c;yo:-23px;\"\n\t\t\t\t\t\t\t\tdata-text=\"s:84;l:76;fw:600;\"\n\t\t\t\t\t\t\t\tdata-frame_1=\"st:500;\"\n\t\t\t\t\t\t\t\tdata-frame_999=\"st:8400;auto:true;\"\n\t\t\t\t\t\t\t\tstyle=\"z-index:5;font-family:'Open Sans';\"\n\t\t\t\t\t\t\t>Bienvenido ! \n\t\t\t\t\t\t\t<\/rs-layer><!--\n\n\t\t\t\t\t\t\t--><rs-layer\n\t\t\t\t\t\t\t\tid=\"slider-1-slide-1-layer-2\" \n\t\t\t\t\t\t\t\tclass=\"small_title\"\n\t\t\t\t\t\t\t\tdata-type=\"text\"\n\t\t\t\t\t\t\t\tdata-color=\"#eeeeee\"\n\t\t\t\t\t\t\t\tdata-rsp_ch=\"on\"\n\t\t\t\t\t\t\t\tdata-xy=\"x:15px;y:c;yo:114px;\"\n\t\t\t\t\t\t\t\tdata-text=\"s:16;l:29;ls:0px;\"\n\t\t\t\t\t\t\t\tdata-frame_1=\"st:500;\"\n\t\t\t\t\t\t\t\tdata-frame_999=\"st:8400;auto:true;\"\n\t\t\t\t\t\t\t\tstyle=\"z-index:7;font-family:'Open Sans';\"\n\t\t\t\t\t\t\t>Masajes profesionales y exfoliaciones en la comodidad de tu hogar.  <br \/>Agenda tu cita y qu\u00e9date en casa con seguridad y disfrutando del mejor servicio.  \n\t\t\t\t\t\t\t<\/rs-layer><!--\n\n\t\t\t\t\t\t\t--><rs-layer\n\t\t\t\t\t\t\t\tid=\"slider-1-slide-1-layer-9\" \n\t\t\t\t\t\t\t\tdata-type=\"shape\"\n\t\t\t\t\t\t\t\tdata-rsp_ch=\"on\"\n\t\t\t\t\t\t\t\tdata-xy=\"x:-544px;y:-296px;\"\n\t\t\t\t\t\t\t\tdata-text=\"w:normal;\"\n\t\t\t\t\t\t\t\tdata-dim=\"w:1891;h:1134;\"\n\t\t\t\t\t\t\t\tdata-frame_999=\"o:0;st:w;\"\n\t\t\t\t\t\t\t\tstyle=\"z-index:9;background-color:rgba(0,0,0,0.5);\"\n\t\t\t\t\t\t\t> \n\t\t\t\t\t\t\t<\/rs-layer><!--\n-->\t\t\t\t\t\t<\/rs-slide>\n\t\t\t\t\t\t<rs-slide style=\"position: absolute;\" data-key=\"rs-2\" data-title=\"Slide\" data-thumb=\"\/\/jmsolucionescr.com\/spa\/wp-content\/uploads\/2022\/08\/background-revslider-05-100x50.jpg\" data-in=\"prst:rndany;y:100%;\">\n\t\t\t\t\t\t\t<img decoding=\"async\" src=\"\/\/jmsolucionescr.com\/spa\/wp-content\/plugins\/revslider\/public\/assets\/assets\/dummy.png\" alt=\"\" title=\"background-revslider-05\" width=\"1894\" height=\"726\" class=\"rev-slidebg tp-rs-img rs-lazyload\" data-lazyload=\"\/\/jmsolucionescr.com\/spa\/wp-content\/uploads\/2022\/08\/background-revslider-05.jpg\" data-no-retina>\n<!--\n\t\t\t\t\t\t\t--><rs-layer\n\t\t\t\t\t\t\t\tid=\"slider-1-slide-2-layer-4\" \n\t\t\t\t\t\t\t\tclass=\"Big_title_black\"\n\t\t\t\t\t\t\t\tdata-type=\"text\"\n\t\t\t\t\t\t\t\tdata-color=\"#ffffff\"\n\t\t\t\t\t\t\t\tdata-rsp_ch=\"on\"\n\t\t\t\t\t\t\t\tdata-xy=\"x:11px;y:c;yo:-23px;\"\n\t\t\t\t\t\t\t\tdata-text=\"s:84;l:76;fw:600;\"\n\t\t\t\t\t\t\t\tdata-frame_1=\"st:500;sR:500;\"\n\t\t\t\t\t\t\t\tdata-frame_999=\"st:8400;sR:7600;auto:true;\"\n\t\t\t\t\t\t\t\tstyle=\"z-index:9;font-family:'Open Sans';\"\n\t\t\t\t\t\t\t>Servicio a<br \/>\nDomicilio ! \n\t\t\t\t\t\t\t<\/rs-layer><!--\n\n\t\t\t\t\t\t\t--><rs-layer\n\t\t\t\t\t\t\t\tid=\"slider-1-slide-2-layer-6\" \n\t\t\t\t\t\t\t\tclass=\"small_title\"\n\t\t\t\t\t\t\t\tdata-type=\"text\"\n\t\t\t\t\t\t\t\tdata-color=\"#eeeeee\"\n\t\t\t\t\t\t\t\tdata-rsp_ch=\"on\"\n\t\t\t\t\t\t\t\tdata-xy=\"x:15px;y:c;yo:114px;\"\n\t\t\t\t\t\t\t\tdata-text=\"s:16;l:29;ls:0px;\"\n\t\t\t\t\t\t\t\tdata-frame_1=\"st:500;sR:500;\"\n\t\t\t\t\t\t\t\tdata-frame_999=\"st:8400;sR:7600;auto:true;\"\n\t\t\t\t\t\t\t\tstyle=\"z-index:8;font-family:'Open Sans';\"\n\t\t\t\t\t\t\t>Recibir\u00e1s nuestros servicios en tu casa como si estuvieras en un spa  \n\t\t\t\t\t\t\t<\/rs-layer><!--\n\n\t\t\t\t\t\t\t--><rs-layer\n\t\t\t\t\t\t\t\tid=\"slider-1-slide-2-layer-8\" \n\t\t\t\t\t\t\t\tdata-type=\"shape\"\n\t\t\t\t\t\t\t\tdata-rsp_ch=\"on\"\n\t\t\t\t\t\t\t\tdata-xy=\"x:-206px;y:-250px;\"\n\t\t\t\t\t\t\t\tdata-text=\"w:normal;\"\n\t\t\t\t\t\t\t\tdata-dim=\"w:1684px;h:1111px;\"\n\t\t\t\t\t\t\t\tdata-frame_1=\"x:-108px;y:48px;\"\n\t\t\t\t\t\t\t\tdata-frame_999=\"o:0;st:w;sR:8700;\"\n\t\t\t\t\t\t\t\tstyle=\"z-index:10;background-color:rgba(0,0,0,0.5);\"\n\t\t\t\t\t\t\t> \n\t\t\t\t\t\t\t<\/rs-layer><!--\n-->\t\t\t\t\t\t<\/rs-slide>\n\t\t\t\t\t<\/rs-slides>\n\t\t\t\t<\/rs-module>\n\t\t\t\t<script>\n\t\t\t\t\tsetREVStartSize({c: 'rev_slider_1_1',rl:[1240,1024,778,480],el:[800],gw:[1100],gh:[800],type:'standard',justify:'',layout:'fullwidth',mh:\"800\"});if (window.RS_MODULES!==undefined && window.RS_MODULES.modules!==undefined && window.RS_MODULES.modules[\"revslider11\"]!==undefined) {window.RS_MODULES.modules[\"revslider11\"].once = false;window.revapi1 = undefined;if (window.RS_MODULES.checkMinimal!==undefined) window.RS_MODULES.checkMinimal()}\n\t\t\t\t<\/script>\n\t\t\t<\/rs-module-wrap>\n\t\t\t<!-- END REVOLUTION SLIDER -->\n\n<style>\/*! elementor - v3.18.0 - 08-12-2023 *\/\n.elementor-widget-image{text-align:center}.elementor-widget-image a{display:inline-block}.elementor-widget-image a img[src$=\".svg\"]{width:48px}.elementor-widget-image img{vertical-align:middle;display:inline-block}<\/style>\n<p>\t\t\t\t\t\t\t\t\t\t\t\t<img loading=\"lazy\" decoding=\"async\" width=\"193\" height=\"158\" src=\"http:\/\/jmsolucionescr.com\/spa\/wp-content\/uploads\/2022\/08\/flower_page.png\" alt=\"\" \/><br \/>\n\t\t\t\t \t<img decoding=\"async\" src=\"http:\/\/jmsolucionescr.com\/spa\/wp-content\/uploads\/2023\/10\/2.png\" alt=\"\"><\/p>\n<h3>\u00bfQuienes somos?<\/h3>\n<h2>\n\t\t\t\t\t\t\t\tBienvenidos a<br \/>\nBody Care<br \/>\n\t\t\t\t\t\t\t<\/h2>\n<p> Masajes profesionales y exfoliaciones<br \/>\nen la comodidad de tu hogar. Agenda tu cita<br \/>\ny qu\u00e9date en casa con seguridad y disfrutando<br \/>\ndel mejor servicio. <\/p>\n<link rel=\"stylesheet\" href=\"http:\/\/jmsolucionescr.com\/spa\/wp-content\/plugins\/elementor\/assets\/css\/widget-icon-box.min.css\">\n<h3>\n\t\t\t\t\t\tPromociones<br \/>\n\t\t\t\t<\/h3>\n<h3>\n\t\t\t\t\t\tRegalias<br \/>\n\t\t\t\t<\/h3>\n<p>\t\t\t<a href=\"https:\/\/wa.me\/50660704664\"><br \/>\n\t\t\t\t\t\tM\u00e1s Informaci\u00f3n<br \/>\n\t\t\t\t\t<\/a><\/p>\n<h3>3 sencillos pasos<\/h3>\n<h2>\n\t\t\t\t\t\t\t\t\u00bfComo funciona?<br \/>\n\t\t\t\t\t\t\t<\/h2>\n<p>\t\t\t\t \t\t\t\t\t\t\t            \t01<br \/>\n\t\t\t                \t\t\t\t\t\t\t\t<img decoding=\"async\" src=\"http:\/\/jmsolucionescr.com\/spa\/wp-content\/uploads\/2022\/08\/process-01.jpg\" alt=\"Agenda tu cita\"><\/p>\n<h4>\n\t\t\t\t\t\t\t\t\t\tAgenda tu cita\t\t\t\t\t\t\t\t\t<\/h4>\n<p>\n\t\t\t\t\t\t\t\t\tConsulta nuestros servicios, disponibilidad de agenda y precios\t\t\t\t\t\t\t\t<\/p>\n<p>\t\t\t\t \t\t\t\t\t\t\t            \t02<br \/>\n\t\t\t                \t\t\t\t\t\t\t\t<img decoding=\"async\" src=\"http:\/\/jmsolucionescr.com\/spa\/wp-content\/uploads\/2022\/08\/popup-gallery-04.jpg\" alt=\"Dejanos conocerte\"><\/p>\n<h4>\n\t\t\t\t\t\t\t\t\t\tDejanos conocerte\t\t\t\t\t\t\t\t\t<\/h4>\n<p>\n\t\t\t\t\t\t\t\t\tLlena un sencillo formulario, para conocerte y brindarte la mejor atenci\u00f3n.\t\t\t\t\t\t\t\t<\/p>\n<p>\t\t\t\t \t\t\t\t\t\t\t            \t03<br \/>\n\t\t\t                \t\t\t\t\t\t\t\t<img decoding=\"async\" src=\"http:\/\/jmsolucionescr.com\/spa\/wp-content\/uploads\/2022\/08\/gallery-03.jpg\" alt=\"Ubicaci\u00f3n\"><\/p>\n<h4>\n\t\t\t\t\t\t\t\t\t\tUbicaci\u00f3n\t\t\t\t\t\t\t\t\t<\/h4>\n<p>\n\t\t\t\t\t\t\t\t\tRecibir\u00e1s nuestros servicios en tu casa como si estuvieras en un spa \t\t\t\t\t\t\t\t<\/p>\n<p>\t\t\t\t\t\t\t\t\t\t\t\t\t\t\t<img decoding=\"async\" src=\"http:\/\/jmsolucionescr.com\/spa\/wp-content\/uploads\/elementor\/thumbs\/logo_small_icon_only-1-qefuz8x02zjavw7zs2kgmvvta0v429b7a3wqiz0vdc.png\" title=\"logo_small_icon_only\" alt=\"logo_small_icon_only\" loading=\"lazy\" \/><br \/>\n\t\t\t<a href=\"https:\/\/wa.me\/50660704664?text=Bienvenido%20a%20Body%20Care%20Spa,%20%C2%BFen%20que%20le%20podemos%20ayudar?\"><br \/>\n\t\t\t\t\t\tAgendar cita<br \/>\n\t\t\t\t\t<\/a><\/p>\n<h3>Blog<\/h3>\n<h2>\n\t\t\t\t\t\t\t\tArt\u00edculos de inter\u00e9s<br \/>\n\t\t\t\t\t\t\t<\/h2>\n<ul>\n<li>\n\t\t\t        \t<a href=\"http:\/\/jmsolucionescr.com\/spa\/spa\/que-es-un-masaje-relajante-y-cuales-son-sus-beneficios\/\" rel=\"bookmark\" title=\"\u00bfQu\u00e9 es un masaje relajante y cu\u00e1les son sus beneficios?\"><br \/>\n\t\t\t        \t\t<img decoding=\"async\" src=\"http:\/\/jmsolucionescr.com\/spa\/wp-content\/uploads\/2022\/09\/masaje-relajante-fisioclinics-logrono-768x400.jpeg\" alt=\"\u00bfQu\u00e9 es un masaje relajante y cu\u00e1les son sus beneficios?\"><br \/>\n\t\t\t        \t<\/a><br \/>\n\t\t\t\t\t\t\t\t5<br \/>\n\t\t\t\t\t\t\t\tseptiembre<\/p>\n<ul>\n\t\t\t\t\t    <\/ul>\n<h2>\n\t\t\t\t\t\t        <a href=\"http:\/\/jmsolucionescr.com\/spa\/spa\/que-es-un-masaje-relajante-y-cuales-son-sus-beneficios\/\" rel=\"bookmark\" title=\"\u00bfQu\u00e9 es un masaje relajante y cu\u00e1les son sus beneficios?\"><br \/>\n\t\t\t\t\t\t          \u00bfQu\u00e9 es un masaje relajante y cu\u00e1les son sus beneficios?\t\t\t\t\t\t        <\/a><br \/>\n\t\t\t\t\t\t    <\/h2>\n<p>\t\t\t\t\t    \t\t\t\t\t\t    <a href=\"http:\/\/jmsolucionescr.com\/spa\/spa\/que-es-un-masaje-relajante-y-cuales-son-sus-beneficios\/\"><br \/>\n\t\t\t\t\t\t    \tLeer m\u00e1s<br \/>\n\t\t\t\t\t\t    <\/a>\n\t\t\t\t<\/li>\n<li>\n\t\t\t        \t<a href=\"http:\/\/jmsolucionescr.com\/spa\/spa\/que-es-un-masaje-descontracturante\/\" rel=\"bookmark\" title=\"\u00bfQu\u00e9 es un masaje descontracturante?\"><br \/>\n\t\t\t        \t\t<img decoding=\"async\" src=\"http:\/\/jmsolucionescr.com\/spa\/wp-content\/uploads\/2022\/09\/masaje-descontracturante-fisioclinics-logrono-768x400.jpg\" alt=\"\u00bfQu\u00e9 es un masaje descontracturante?\"><br \/>\n\t\t\t        \t<\/a><br \/>\n\t\t\t\t\t\t\t\t5<br \/>\n\t\t\t\t\t\t\t\tseptiembre<\/p>\n<ul>\n\t\t\t\t\t    <\/ul>\n<h2>\n\t\t\t\t\t\t        <a href=\"http:\/\/jmsolucionescr.com\/spa\/spa\/que-es-un-masaje-descontracturante\/\" rel=\"bookmark\" title=\"\u00bfQu\u00e9 es un masaje descontracturante?\"><br \/>\n\t\t\t\t\t\t          \u00bfQu\u00e9 es un masaje descontracturante?\t\t\t\t\t\t        <\/a><br \/>\n\t\t\t\t\t\t    <\/h2>\n<p>\t\t\t\t\t    \t\t\t\t\t\t    <a href=\"http:\/\/jmsolucionescr.com\/spa\/spa\/que-es-un-masaje-descontracturante\/\"><br \/>\n\t\t\t\t\t\t    \tLeer m\u00e1s<br \/>\n\t\t\t\t\t\t    <\/a>\n\t\t\t\t<\/li>\n<li>\n\t\t\t        \t<a href=\"http:\/\/jmsolucionescr.com\/spa\/belleza\/how-to-get-great-skin\/\" rel=\"bookmark\" title=\"El estr\u00e9s y su salud\"><br \/>\n\t\t\t        \t\t<img decoding=\"async\" src=\"http:\/\/jmsolucionescr.com\/spa\/wp-content\/uploads\/2022\/09\/1664188121715-768x549.jpg\" alt=\"El estr\u00e9s y su salud\"><br \/>\n\t\t\t        \t<\/a><br \/>\n\t\t\t\t\t\t\t\t5<br \/>\n\t\t\t\t\t\t\t\tseptiembre<\/p>\n<ul>\n\t\t\t\t\t    <\/ul>\n<h2>\n\t\t\t\t\t\t        <a href=\"http:\/\/jmsolucionescr.com\/spa\/belleza\/how-to-get-great-skin\/\" rel=\"bookmark\" title=\"El estr\u00e9s y su salud\"><br \/>\n\t\t\t\t\t\t          El estr\u00e9s y su salud\t\t\t\t\t\t        <\/a><br \/>\n\t\t\t\t\t\t    <\/h2>\n<p>\t\t\t\t\t    \t\t\t\t\t\t    <a href=\"http:\/\/jmsolucionescr.com\/spa\/belleza\/how-to-get-great-skin\/\"><br \/>\n\t\t\t\t\t\t    \tLeer m\u00e1s<br \/>\n\t\t\t\t\t\t    <\/a>\n\t\t\t\t<\/li>\n<\/ul>\n<p>\t\t\t\t \t<img decoding=\"async\" src=\"http:\/\/jmsolucionescr.com\/spa\/wp-content\/uploads\/2022\/08\/gallery-03.jpg\" alt=\"\"><\/p>\n<h2>\n\t\t\t\t\t\t\t\t\u00bfQui\u00e9nes se pueden beneficiar del masaje relajante?<br \/>\n\t\t\t\t\t\t\t<\/h2>\n<p> Cualquier persona es candidata para hacerse un masaje relajante, siempre que le provoque o le guste esta t\u00e9cnica, pero es especialmente recomendable para personas con: <\/p>\n<link rel=\"stylesheet\" href=\"http:\/\/jmsolucionescr.com\/spa\/wp-content\/plugins\/elementor\/assets\/css\/widget-icon-list.min.css\">\n<ul>\n<li>\n\t\t\t\t\t\t\t\t\t\tAltos niveles de tensi\u00f3n.\n\t\t\t\t\t\t\t\t\t<\/li>\n<li>\n\t\t\t\t\t\t\t\t\t\tAnsiedad.\n\t\t\t\t\t\t\t\t\t<\/li>\n<li>\n\t\t\t\t\t\t\t\t\t\tAgotamiento y cansancio f\u00edsico.\n\t\t\t\t\t\t\t\t\t<\/li>\n<li>\n\t\t\t\t\t\t\t\t\t\tDepresi\u00f3n leve.\n\t\t\t\t\t\t\t\t\t<\/li>\n<li>\n\t\t\t\t\t\t\t\t\t\tProblemas circulatorios y musculares leves (cervicalgias, dorsalgias o lumbalgias).\n\t\t\t\t\t\t\t\t\t<\/li>\n<li>\n\t\t\t\t\t\t\t\t\t\tSobrecarga emocional.\n\t\t\t\t\t\t\t\t\t<\/li>\n<li>\n\t\t\t\t\t\t\t\t\t\tSobrecarga laboral.\n\t\t\t\t\t\t\t\t\t<\/li>\n<li>\n\t\t\t\t\t\t\t\t\t\tEstr\u00e9s.\n\t\t\t\t\t\t\t\t\t<\/li>\n<li>\n\t\t\t\t\t\t\t\t\t\tPesadez.\n\t\t\t\t\t\t\t\t\t<\/li>\n<\/ul>\n","protected":false},"excerpt":{"rendered":"<p>\u00bfQuienes somos? Bienvenidos a Body Care Masajes profesionales y exfoliaciones en la comodidad de tu hogar. Agenda tu cita y qu\u00e9date en casa con seguridad y disfrutando del mejor servicio. Promociones Regalias M\u00e1s Informaci\u00f3n 3 sencillos pasos \u00bfComo funciona? 01 Agenda tu cita Consulta nuestros servicios, disponibilidad de agenda y precios 02 Dejanos conocerte Llena [&hellip;]<\/p>\n","protected":false},"author":1,"featured_media":0,"parent":0,"menu_order":0,"comment_status":"closed","ping_status":"closed","template":"elementor_header_footer","meta":{"_monsterinsights_skip_tracking":false,"_monsterinsights_sitenote_active":false,"_monsterinsights_sitenote_note":"","_monsterinsights_sitenote_category":0,"footnotes":""},"class_list":["post-20","page","type-page","status-publish","hentry"],"aioseo_notices":[],"_links":{"self":[{"href":"http:\/\/jmsolucionescr.com\/spa\/wp-json\/wp\/v2\/pages\/20","targetHints":{"allow":["GET"]}}],"collection":[{"href":"http:\/\/jmsolucionescr.com\/spa\/wp-json\/wp\/v2\/pages"}],"about":[{"href":"http:\/\/jmsolucionescr.com\/spa\/wp-json\/wp\/v2\/types\/page"}],"author":[{"embeddable":true,"href":"http:\/\/jmsolucionescr.com\/spa\/wp-json\/wp\/v2\/users\/1"}],"replies":[{"embeddable":true,"href":"http:\/\/jmsolucionescr.com\/spa\/wp-json\/wp\/v2\/comments?post=20"}],"version-history":[{"count":34,"href":"http:\/\/jmsolucionescr.com\/spa\/wp-json\/wp\/v2\/pages\/20\/revisions"}],"predecessor-version":[{"id":4129,"href":"http:\/\/jmsolucionescr.com\/spa\/wp-json\/wp\/v2\/pages\/20\/revisions\/4129"}],"wp:attachment":[{"href":"http:\/\/jmsolucionescr.com\/spa\/wp-json\/wp\/v2\/media?parent=20"}],"curies":[{"name":"wp","href":"https:\/\/api.w.org\/{rel}","templated":true}]}}