{"id":22,"date":"2022-08-24T03:42:16","date_gmt":"2022-08-24T03:42:16","guid":{"rendered":"https:\/\/demo.ovatheme.com\/mellis\/?page_id=22"},"modified":"2023-12-19T17:38:03","modified_gmt":"2023-12-19T17:38:03","slug":"vida-saludable","status":"publish","type":"page","link":"http:\/\/jmsolucionescr.com\/spa\/vida-saludable\/","title":{"rendered":"Vida Saludable"},"content":{"rendered":"<h3>Vida saludable<\/h3>\n<h2>\n\t\t\t\t\t\t\t\t\u00daltimas publicaciones<br \/>\n\t\t\t\t\t\t\t<\/h2>\n<ul>\n<li>\n\t\t\t        \t<a href=\"http:\/\/jmsolucionescr.com\/spa\/spa\/15th-february-2022-exclusive-event\/\" rel=\"bookmark\" title=\"\u00bfQu\u00e9 es un masaje relajante y cu\u00e1les son sus beneficios?\"><br \/>\n\t\t\t        \t\t<img decoding=\"async\" src=\"http:\/\/jmsolucionescr.com\/spa\/wp-content\/uploads\/2022\/09\/masaje-relajante-fisioclinics-logrono-768x400.jpeg\" alt=\"\u00bfQu\u00e9 es un masaje relajante y cu\u00e1les son sus beneficios?\"><br \/>\n\t\t\t        \t<\/a><br \/>\n\t\t\t\t\t\t\t\t5<br \/>\n\t\t\t\t\t\t\t\tseptiembre<\/p>\n<ul>\n\t\t\t\t\t    <\/ul>\n<h2>\n\t\t\t\t\t\t        <a href=\"http:\/\/jmsolucionescr.com\/spa\/spa\/15th-february-2022-exclusive-event\/\" rel=\"bookmark\" title=\"\u00bfQu\u00e9 es un masaje relajante y cu\u00e1les son sus beneficios?\"><br \/>\n\t\t\t\t\t\t          \u00bfQu\u00e9 es un masaje relajante y cu\u00e1les son sus beneficios?\t\t\t\t\t\t        <\/a><br \/>\n\t\t\t\t\t\t    <\/h2>\n<p> Darse un masaje no es cuesti\u00f3n de un capricho, sino&hellip; <\/p>\n<p>\t\t\t\t\t    \t\t\t\t\t\t    <a href=\"http:\/\/jmsolucionescr.com\/spa\/spa\/15th-february-2022-exclusive-event\/\"><br \/>\n\t\t\t\t\t\t    \tLeer m\u00e1s<br \/>\n\t\t\t\t\t\t    <\/a>\n\t\t\t\t<\/li>\n<li>\n\t\t\t        \t<a href=\"http:\/\/jmsolucionescr.com\/spa\/spa\/our-top-lockdown-self-care-tips\/\" rel=\"bookmark\" title=\"\u00bfQu\u00e9 es un masaje descontracturante?\"><br \/>\n\t\t\t        \t\t<img decoding=\"async\" src=\"http:\/\/jmsolucionescr.com\/spa\/wp-content\/uploads\/2022\/09\/masaje-descontracturante-fisioclinics-logrono-768x400.jpg\" alt=\"\u00bfQu\u00e9 es un masaje descontracturante?\"><br \/>\n\t\t\t        \t<\/a><br \/>\n\t\t\t\t\t\t\t\t5<br \/>\n\t\t\t\t\t\t\t\tseptiembre<\/p>\n<ul>\n\t\t\t\t\t    <\/ul>\n<h2>\n\t\t\t\t\t\t        <a href=\"http:\/\/jmsolucionescr.com\/spa\/spa\/our-top-lockdown-self-care-tips\/\" rel=\"bookmark\" title=\"\u00bfQu\u00e9 es un masaje descontracturante?\"><br \/>\n\t\t\t\t\t\t          \u00bfQu\u00e9 es un masaje descontracturante?\t\t\t\t\t\t        <\/a><br \/>\n\t\t\t\t\t\t    <\/h2>\n<p> El\u00a0 masaje descontracturante es una t\u00e9cnica de terapia manual, que&hellip; <\/p>\n<p>\t\t\t\t\t    \t\t\t\t\t\t    <a href=\"http:\/\/jmsolucionescr.com\/spa\/spa\/our-top-lockdown-self-care-tips\/\"><br \/>\n\t\t\t\t\t\t    \tLeer m\u00e1s<br \/>\n\t\t\t\t\t\t    <\/a>\n\t\t\t\t<\/li>\n<li>\n\t\t\t        \t<a href=\"http:\/\/jmsolucionescr.com\/spa\/belleza\/how-to-get-great-skin\/\" rel=\"bookmark\" title=\"El estr\u00e9s y su salud\"><br \/>\n\t\t\t        \t\t<img decoding=\"async\" src=\"http:\/\/jmsolucionescr.com\/spa\/wp-content\/uploads\/2022\/09\/1664188121715-768x549.jpg\" alt=\"El estr\u00e9s y su salud\"><br \/>\n\t\t\t        \t<\/a><br \/>\n\t\t\t\t\t\t\t\t5<br \/>\n\t\t\t\t\t\t\t\tseptiembre<\/p>\n<ul>\n\t\t\t\t\t    <\/ul>\n<h2>\n\t\t\t\t\t\t        <a href=\"http:\/\/jmsolucionescr.com\/spa\/belleza\/how-to-get-great-skin\/\" rel=\"bookmark\" title=\"El estr\u00e9s y su salud\"><br \/>\n\t\t\t\t\t\t          El estr\u00e9s y su salud\t\t\t\t\t\t        <\/a><br \/>\n\t\t\t\t\t\t    <\/h2>\n<p> El estr\u00e9s es un sentimiento de tensi\u00f3n f\u00edsica o emocional.&hellip; <\/p>\n<p>\t\t\t\t\t    \t\t\t\t\t\t    <a href=\"http:\/\/jmsolucionescr.com\/spa\/belleza\/how-to-get-great-skin\/\"><br \/>\n\t\t\t\t\t\t    \tLeer m\u00e1s<br \/>\n\t\t\t\t\t\t    <\/a>\n\t\t\t\t<\/li>\n<\/ul>\n","protected":false},"excerpt":{"rendered":"<p>Vida saludable \u00daltimas publicaciones 5 septiembre \u00bfQu\u00e9 es un masaje relajante y cu\u00e1les son sus beneficios? Darse un masaje no es cuesti\u00f3n de un capricho, sino&hellip; Leer m\u00e1s 5 septiembre \u00bfQu\u00e9 es un masaje descontracturante? El\u00a0 masaje descontracturante es una t\u00e9cnica de terapia manual, que&hellip; Leer m\u00e1s 5 septiembre El estr\u00e9s y su salud El [&hellip;]<\/p>\n","protected":false},"author":1,"featured_media":0,"parent":0,"menu_order":0,"comment_status":"closed","ping_status":"closed","template":"elementor_header_footer","meta":{"_monsterinsights_skip_tracking":false,"_monsterinsights_sitenote_active":false,"_monsterinsights_sitenote_note":"","_monsterinsights_sitenote_category":0,"footnotes":""},"class_list":["post-22","page","type-page","status-publish","hentry"],"aioseo_notices":[],"_links":{"self":[{"href":"http:\/\/jmsolucionescr.com\/spa\/wp-json\/wp\/v2\/pages\/22","targetHints":{"allow":["GET"]}}],"collection":[{"href":"http:\/\/jmsolucionescr.com\/spa\/wp-json\/wp\/v2\/pages"}],"about":[{"href":"http:\/\/jmsolucionescr.com\/spa\/wp-json\/wp\/v2\/types\/page"}],"author":[{"embeddable":true,"href":"http:\/\/jmsolucionescr.com\/spa\/wp-json\/wp\/v2\/users\/1"}],"replies":[{"embeddable":true,"href":"http:\/\/jmsolucionescr.com\/spa\/wp-json\/wp\/v2\/comments?post=22"}],"version-history":[{"count":7,"href":"http:\/\/jmsolucionescr.com\/spa\/wp-json\/wp\/v2\/pages\/22\/revisions"}],"predecessor-version":[{"id":4125,"href":"http:\/\/jmsolucionescr.com\/spa\/wp-json\/wp\/v2\/pages\/22\/revisions\/4125"}],"wp:attachment":[{"href":"http:\/\/jmsolucionescr.com\/spa\/wp-json\/wp\/v2\/media?parent=22"}],"curies":[{"name":"wp","href":"https:\/\/api.w.org\/{rel}","templated":true}]}}