{"id":4079,"date":"2023-11-21T17:44:27","date_gmt":"2023-11-21T17:44:27","guid":{"rendered":"http:\/\/jmsolucionescr.com\/spa\/?page_id=4079"},"modified":"2023-11-21T17:47:17","modified_gmt":"2023-11-21T17:47:17","slug":"formulario-de-consentimiento","status":"publish","type":"page","link":"http:\/\/jmsolucionescr.com\/spa\/formulario-de-consentimiento\/","title":{"rendered":"Formulario de consentimiento"},"content":{"rendered":"\n<p><\/p>\n\n\n<div class=\"wpforms-container wpforms-container-full wpforms-block wpforms-block-09c5c3f3-7a45-4558-af2f-c54d122cd1ed wpforms-render-modern\" id=\"wpforms-4070\"><form id=\"wpforms-form-4070\" class=\"wpforms-validate wpforms-form wpforms-ajax-form\" data-formid=\"4070\" method=\"post\" enctype=\"multipart\/form-data\" action=\"\/spa\/wp-json\/wp\/v2\/pages\/4079\" data-token=\"1f5c88ba49b8906ab2750aa8ca5efb35\" data-token-time=\"1777830226\"><noscript class=\"wpforms-error-noscript\">Por favor, activa JavaScript en tu navegador para completar este formulario.<\/noscript><div id=\"wpforms-error-noscript\" style=\"display: none;\">Por favor, activa JavaScript en tu navegador para completar este formulario.<\/div><div class=\"wpforms-field-container\"><div id=\"wpforms-4070-field_1-container\" class=\"wpforms-field wpforms-field-name\" data-field-id=\"1\"><fieldset><legend class=\"wpforms-field-label\">Nombre <span class=\"wpforms-required-label\" aria-hidden=\"true\">*<\/span><\/legend><div class=\"wpforms-field-row wpforms-field-medium\"><div class=\"wpforms-field-row-block wpforms-first wpforms-one-half\"><input type=\"text\" id=\"wpforms-4070-field_1\" class=\"wpforms-field-name-first wpforms-field-required\" name=\"wpforms[fields][1][first]\" value=\"Nombre\" aria-errormessage=\"wpforms-4070-field_1-error\" required><label for=\"wpforms-4070-field_1\" class=\"wpforms-field-sublabel after\">Nombre<\/label><\/div><div class=\"wpforms-field-row-block wpforms-one-half\"><input type=\"text\" id=\"wpforms-4070-field_1-last\" class=\"wpforms-field-name-last wpforms-field-required\" name=\"wpforms[fields][1][last]\" value=\"Apellido\" placeholder=\"Nombre\" aria-errormessage=\"wpforms-4070-field_1-last-error\" required><label for=\"wpforms-4070-field_1-last\" class=\"wpforms-field-sublabel after\">Apellidos<\/label><\/div><\/div><\/fieldset><\/div><div id=\"wpforms-4070-field_2-container\" class=\"wpforms-field wpforms-field-email\" data-field-id=\"2\"><label class=\"wpforms-field-label\" for=\"wpforms-4070-field_2\">Email<\/label><input type=\"email\" id=\"wpforms-4070-field_2\" class=\"wpforms-field-small\" name=\"wpforms[fields][2]\" spellcheck=\"false\" aria-errormessage=\"wpforms-4070-field_2-error\" ><\/div><div id=\"wpforms-4070-field_3-container\" class=\"wpforms-field wpforms-field-number\" data-field-id=\"3\"><label class=\"wpforms-field-label\" for=\"wpforms-4070-field_3\">Tel\u00e9fono <span class=\"wpforms-required-label\" aria-hidden=\"true\">*<\/span><\/label><input type=\"number\" id=\"wpforms-4070-field_3\" class=\"wpforms-field-small wpforms-field-required\" name=\"wpforms[fields][3]\" step=\"any\" aria-errormessage=\"wpforms-4070-field_3-error\" required><\/div><div id=\"wpforms-4070-field_6-container\" class=\"wpforms-field wpforms-field-text\" data-field-id=\"6\"><label class=\"wpforms-field-label\" for=\"wpforms-4070-field_6\">Edad <span class=\"wpforms-required-label\" aria-hidden=\"true\">*<\/span><\/label><input type=\"text\" id=\"wpforms-4070-field_6\" class=\"wpforms-field-small wpforms-field-required\" name=\"wpforms[fields][6]\" aria-errormessage=\"wpforms-4070-field_6-error\" required><\/div><div id=\"wpforms-4070-field_13-container\" class=\"wpforms-field wpforms-field-radio\" data-field-id=\"13\"><fieldset><legend class=\"wpforms-field-label\">Genero<\/legend><ul id=\"wpforms-4070-field_13\"><li class=\"choice-1 depth-1\"><input type=\"radio\" id=\"wpforms-4070-field_13_1\" name=\"wpforms[fields][13]\" value=\"Hombre\" aria-errormessage=\"wpforms-4070-field_13_1-error\"  ><label class=\"wpforms-field-label-inline\" for=\"wpforms-4070-field_13_1\">Hombre<\/label><\/li><li class=\"choice-2 depth-1\"><input type=\"radio\" id=\"wpforms-4070-field_13_2\" name=\"wpforms[fields][13]\" value=\"Mujer\" aria-errormessage=\"wpforms-4070-field_13_2-error\"  ><label class=\"wpforms-field-label-inline\" for=\"wpforms-4070-field_13_2\">Mujer<\/label><\/li><\/ul><\/fieldset><\/div><div id=\"wpforms-4070-field_8-container\" class=\"wpforms-field wpforms-field-name\" data-field-id=\"8\"><fieldset><legend class=\"wpforms-field-label\">Cont\u00e1cto de emergencia <span class=\"wpforms-required-label\" aria-hidden=\"true\">*<\/span><\/legend><div class=\"wpforms-field-row wpforms-field-medium\"><div class=\"wpforms-field-row-block wpforms-first wpforms-one-half\"><input type=\"text\" id=\"wpforms-4070-field_8\" class=\"wpforms-field-name-first wpforms-field-required\" name=\"wpforms[fields][8][first]\" aria-errormessage=\"wpforms-4070-field_8-error\" required><label for=\"wpforms-4070-field_8\" class=\"wpforms-field-sublabel after\">Nombre<\/label><\/div><div class=\"wpforms-field-row-block wpforms-one-half\"><input type=\"text\" id=\"wpforms-4070-field_8-last\" class=\"wpforms-field-name-last wpforms-field-required\" name=\"wpforms[fields][8][last]\" aria-errormessage=\"wpforms-4070-field_8-last-error\" required><label for=\"wpforms-4070-field_8-last\" class=\"wpforms-field-sublabel after\">Apellidos<\/label><\/div><\/div><\/fieldset><\/div><div id=\"wpforms-4070-field_9-container\" class=\"wpforms-field wpforms-field-number\" data-field-id=\"9\"><label class=\"wpforms-field-label\" for=\"wpforms-4070-field_9\">Tel\u00e9fono de cont\u00e1cto <span class=\"wpforms-required-label\" aria-hidden=\"true\">*<\/span><\/label><input type=\"number\" id=\"wpforms-4070-field_9\" class=\"wpforms-field-small wpforms-field-required\" name=\"wpforms[fields][9]\" step=\"any\" aria-errormessage=\"wpforms-4070-field_9-error\" required><\/div><div id=\"wpforms-4070-field_10-container\" class=\"wpforms-field wpforms-field-radio\" data-field-id=\"10\"><fieldset><legend class=\"wpforms-field-label\">Tiene algun padecimiento <span class=\"wpforms-required-label\" aria-hidden=\"true\">*<\/span><\/legend><ul id=\"wpforms-4070-field_10\" class=\"wpforms-field-required\"><li class=\"choice-1 depth-1\"><input type=\"radio\" id=\"wpforms-4070-field_10_1\" name=\"wpforms[fields][10]\" value=\"Si*\" aria-errormessage=\"wpforms-4070-field_10_1-error\" required ><label class=\"wpforms-field-label-inline\" for=\"wpforms-4070-field_10_1\">Si*<\/label><\/li><li class=\"choice-2 depth-1\"><input type=\"radio\" id=\"wpforms-4070-field_10_2\" name=\"wpforms[fields][10]\" value=\"No\" aria-errormessage=\"wpforms-4070-field_10_2-error\" required ><label class=\"wpforms-field-label-inline\" for=\"wpforms-4070-field_10_2\">No<\/label><\/li><\/ul><\/fieldset><\/div><div id=\"wpforms-4070-field_11-container\" class=\"wpforms-field wpforms-field-textarea\" data-field-id=\"11\"><label class=\"wpforms-field-label\" for=\"wpforms-4070-field_11\">* Especifique <\/label><textarea id=\"wpforms-4070-field_11\" class=\"wpforms-field-medium\" name=\"wpforms[fields][11]\" aria-errormessage=\"wpforms-4070-field_11-error\" aria-describedby=\"wpforms-4070-field_11-description\" ><\/textarea><div id=\"wpforms-4070-field_11-description\" class=\"wpforms-field-description\">Es obligaci\u00f3n informar a su masajista sobre enfermedades cr\u00f3nicas, operaciones o padecimientos, antes del masaje y tambi\u00e9n informar sobre cualquier molestia durante el masaje. <\/div><\/div><div id=\"wpforms-4070-field_4-container\" class=\"wpforms-field wpforms-field-checkbox\" data-field-id=\"4\"><fieldset><legend class=\"wpforms-field-label\">Zonas del cuerpo que requieren autorizaci\u00f3n: <\/legend><ul id=\"wpforms-4070-field_4\"><li class=\"choice-1 depth-1\"><input type=\"checkbox\" id=\"wpforms-4070-field_4_1\" name=\"wpforms[fields][4][]\" value=\"Pecho (reafirmante, relajante)\" aria-errormessage=\"wpforms-4070-field_4_1-error\" aria-describedby=\"wpforms-4070-field_4-description\"  ><label class=\"wpforms-field-label-inline\" for=\"wpforms-4070-field_4_1\">Pecho (reafirmante, relajante)<\/label><\/li><li class=\"choice-2 depth-1\"><input type=\"checkbox\" id=\"wpforms-4070-field_4_2\" name=\"wpforms[fields][4][]\" value=\"Abdomen (reafirmante, relajante)\" aria-errormessage=\"wpforms-4070-field_4_2-error\" aria-describedby=\"wpforms-4070-field_4-description\"  ><label class=\"wpforms-field-label-inline\" for=\"wpforms-4070-field_4_2\">Abdomen (reafirmante, relajante)<\/label><\/li><li class=\"choice-3 depth-1\"><input type=\"checkbox\" id=\"wpforms-4070-field_4_3\" name=\"wpforms[fields][4][]\" value=\"Gluteos (reafirmante, relajante)\" aria-errormessage=\"wpforms-4070-field_4_3-error\" aria-describedby=\"wpforms-4070-field_4-description\"  ><label class=\"wpforms-field-label-inline\" for=\"wpforms-4070-field_4_3\">Gluteos (reafirmante, relajante)<\/label><\/li><\/ul><div id=\"wpforms-4070-field_4-description\" class=\"wpforms-field-description\">Estas zonas est\u00e1n incluidas en el valor del masaje, pero por respeto se omiten, a menos que el cliente lo autorice.<\/div><\/fieldset><\/div><div id=\"wpforms-4070-field_16-container\" class=\"wpforms-field wpforms-field-radio\" data-field-id=\"16\"><fieldset><legend class=\"wpforms-field-label\">Consentimiento general del masaje<\/legend><ul id=\"wpforms-4070-field_16\"><li class=\"choice-1 depth-1\"><input type=\"radio\" id=\"wpforms-4070-field_16_1\" name=\"wpforms[fields][16]\" value=\"Acepto\" aria-errormessage=\"wpforms-4070-field_16_1-error\" aria-describedby=\"wpforms-4070-field_16-description\"  ><label class=\"wpforms-field-label-inline\" for=\"wpforms-4070-field_16_1\">Acepto<\/label><\/li><li class=\"choice-2 depth-1\"><input type=\"radio\" id=\"wpforms-4070-field_16_2\" name=\"wpforms[fields][16]\" value=\"No acepto\" aria-errormessage=\"wpforms-4070-field_16_2-error\" aria-describedby=\"wpforms-4070-field_16-description\"  ><label class=\"wpforms-field-label-inline\" for=\"wpforms-4070-field_16_2\">No acepto<\/label><\/li><\/ul><div id=\"wpforms-4070-field_16-description\" class=\"wpforms-field-description\">Entiendo que los masajes que se administran tienen el prop\u00f3sito de reducir el estr\u00e9s, aliviar la tensi\u00f3n, los espasmos musculares y mejorar la circulaci\u00f3n.\r\nAcepto la responsabilidad sobre cualquier reacci\u00f3n o efecto que se pudiera presentar durante y despu\u00e9s del masaje causado por alg\u00fan padecimiento, operaci\u00f3n o malestar que no se le informo al masajista.<\/div><\/fieldset><\/div><\/div><!-- .wpforms-field-container --><div class=\"wpforms-submit-container\" ><input type=\"hidden\" name=\"wpforms[id]\" value=\"4070\"><input type=\"hidden\" name=\"page_title\" value=\"\"><input type=\"hidden\" name=\"page_url\" value=\"http:\/\/jmsolucionescr.com\/spa\/wp-json\/wp\/v2\/pages\/4079\"><input type=\"hidden\" name=\"url_referer\" value=\"\"><button type=\"submit\" name=\"wpforms[submit]\" id=\"wpforms-submit-4070\" class=\"wpforms-submit\" data-alt-text=\"Enviando...\" data-submit-text=\"Enviar\" aria-live=\"assertive\" value=\"wpforms-submit\">Enviar<\/button><img loading=\"lazy\" decoding=\"async\" src=\"http:\/\/jmsolucionescr.com\/spa\/wp-content\/plugins\/wpforms-lite\/assets\/images\/submit-spin.svg\" class=\"wpforms-submit-spinner\" style=\"display: none;\" width=\"26\" height=\"26\" alt=\"Cargando\"><\/div><\/form><\/div>  <!-- .wpforms-container -->","protected":false},"excerpt":{"rendered":"","protected":false},"author":1,"featured_media":0,"parent":0,"menu_order":0,"comment_status":"closed","ping_status":"closed","template":"","meta":{"_monsterinsights_skip_tracking":false,"_monsterinsights_sitenote_active":false,"_monsterinsights_sitenote_note":"","_monsterinsights_sitenote_category":0,"footnotes":""},"class_list":["post-4079","page","type-page","status-publish","hentry"],"aioseo_notices":[],"_links":{"self":[{"href":"http:\/\/jmsolucionescr.com\/spa\/wp-json\/wp\/v2\/pages\/4079","targetHints":{"allow":["GET"]}}],"collection":[{"href":"http:\/\/jmsolucionescr.com\/spa\/wp-json\/wp\/v2\/pages"}],"about":[{"href":"http:\/\/jmsolucionescr.com\/spa\/wp-json\/wp\/v2\/types\/page"}],"author":[{"embeddable":true,"href":"http:\/\/jmsolucionescr.com\/spa\/wp-json\/wp\/v2\/users\/1"}],"replies":[{"embeddable":true,"href":"http:\/\/jmsolucionescr.com\/spa\/wp-json\/wp\/v2\/comments?post=4079"}],"version-history":[{"count":2,"href":"http:\/\/jmsolucionescr.com\/spa\/wp-json\/wp\/v2\/pages\/4079\/revisions"}],"predecessor-version":[{"id":4082,"href":"http:\/\/jmsolucionescr.com\/spa\/wp-json\/wp\/v2\/pages\/4079\/revisions\/4082"}],"wp:attachment":[{"href":"http:\/\/jmsolucionescr.com\/spa\/wp-json\/wp\/v2\/media?parent=4079"}],"curies":[{"name":"wp","href":"https:\/\/api.w.org\/{rel}","templated":true}]}}